{"id":46,"date":"2025-06-12T21:13:39","date_gmt":"2025-06-12T19:13:39","guid":{"rendered":"https:\/\/www.elisaganivet.com\/?page_id=46"},"modified":"2026-02-04T18:01:16","modified_gmt":"2026-02-04T17:01:16","slug":"talks","status":"publish","type":"page","link":"https:\/\/www.elisaganivet.com\/index.php\/talks\/","title":{"rendered":"Talks"},"content":{"rendered":"\n<p><strong>SELECTION<\/strong><\/p>\n\n\n\n<p><strong>Podcast :\u00a0<a href=\"https:\/\/www.coe.int\/en\/web\/portal\/-\/art-tears-down-walls-berlin-wall\" data-type=\"link\" data-id=\"https:\/\/www.coe.int\/en\/web\/portal\/-\/art-tears-down-walls-berlin-wall\">L\u2019atelier de l\u2019Europe \u2018<\/a><\/strong><em><a href=\"https:\/\/www.coe.int\/en\/web\/portal\/-\/art-tears-down-walls-berlin-wall\" data-type=\"link\" data-id=\"https:\/\/www.coe.int\/en\/web\/portal\/-\/art-tears-down-walls-berlin-wall\">Art tears down walls \u2013 Berlin Wall\u2019<\/a><\/em><strong><a href=\"https:\/\/www.coe.int\/en\/web\/portal\/-\/art-tears-down-walls-berlin-wall\" data-type=\"link\" data-id=\"https:\/\/www.coe.int\/en\/web\/portal\/-\/art-tears-down-walls-berlin-wall\">\u00a0for the Council of Europe, 2024<\/a>.<\/strong>\u00a0Discovering the Council of Europe\u2019s art collection. This podcast explores the art collection of the Council of Europe, tracing its history and significance in shaping European values of human rights, democracy, and the rule of law. The collection includes around 150 paintings, tapestries, and sculptures, featuring iconic pieces such as the Palais de l\u2019Europe designed by Henry Bernard, a bust of Winston Churchill, and even a section of the Berlin Wall. The\u00a0<em>Atelier de l\u2019Europe<\/em>\u00a0delves into the stories behind these artworks, offering unique perspectives from artists, historians, diplomats, and political figures who have been part of the Council of Europe\u2019s journey. In a captivating dialogue, this podcast unravels the secrets of the collection, providing insight into the Council of Europe\u2019s enduring legacy through its remarkable art.<\/p>\n\n\n\n<p>With: Marija Pej\u010dinovi\u0107 Buri\u0107, Secretary General of the Council of Europe (2019-2024) \/ Catherine Lalumi\u00e8re, former Secretary General of the Council of Europe (1989-1994) \/ \u00c9lisa Ganivet, doctor of philosophy, art historian and cultural manager \/ Sound archives: Denis Astagneau, Thierry Noir, Alain Barbaud, Philippe Rochot and Mstislav Rostropovitch \/ Authors: Charlotte Roux, Antoine Auger, Anne Kropotkine<\/p>\n\n\n\n<p><strong>Research team :&nbsp;<\/strong><em>Drilled geoaesthetics<\/em><strong>, at Universitad de Barcelona, Spain<\/strong>, on April 12, 2024. \u201cAt a time of extreme concern about the social, material and environmental consequences of extractivism and the depletion of natural resources, various concepts, methodologies and aesthetics close to geology are proliferating in artistic practices and visual culture. In order to reach a compendium of preliminary conclusions, as well as to define rigorously such contexts and working methodologies, we invite to this meeting researchers from various fields able to define a state of the question about the relationship between visuality and geoasthetics in the era of the ecosocial crisis.\u201d&nbsp;<br>Conveners : Mart\u00ed Peran, Universitat de Barcelona, SP; Diana Padr\u00f3n, Universitat de Barcelona, SP; Lecturers : Daphn\u00e9 Dragona, Onassis Stegi Foundation, GR; Abelardo Gil-Fournier, Archeologie of Media and Technology, GB; Elisa&nbsp;Ganivet, Centre for Global Studies, CA; Jaime Vindel, Consejo Superior de Investigaciones Cient\u00edficas, SP; Moderator : Bernat Llad\u00f3, Universitat aut\u00f3noma de Barcelona, SP<\/p>\n\n\n\n<p><strong>Critical discussion:&nbsp;<\/strong><a href=\"https:\/\/web.archive.org\/web\/20240910072722\/https:\/dandurand.uqam.ca\/publication\/exploring-borders-mettre-en-exposition-la-frontiere-spectacle-une-discussion-critique\/\" target=\"_blank\" rel=\"noreferrer noopener\"><em>Exploring Borders \u2013 putting on display the border spectacle<\/em><\/a><strong>, at the&nbsp;Geopolitical Observatory of the Raoul-Dandurand Chair, Quebec, Canada<\/strong>, on&nbsp;October 6, 2022. With Anne-Laure Amilhat-Szary, professor at the University of Grenoble-Alpes; Aude-\u00c9milie Juda\u00efque, producer of radio documentaries at France Culture. Moderation: \u00c9lisabeth Vallet, director of the Observatoire de g\u00e9opolitique and professor at the Coll\u00e8ge militaire royal de Saint-Jean, Quebec, Canada.<\/p>\n\n\n\n<p><strong>Webinar:<\/strong><a href=\"https:\/\/web.archive.org\/web\/20240910072722\/https:\/www.mfo.ac.uk\/event\/new-imaginaries-migration-webinar\" target=\"_blank\" rel=\"noreferrer noopener\"><em>New Imaginaries of Migration<\/em><\/a><strong>&nbsp;about Emeric Lhuisset\u2019s photographs, at the Maison Fran\u00e7aise d\u2019Oxford, UK<\/strong>, on May 30, 2022.Convener: Elsa Gomis, University of Oxford\/MFO,&nbsp;Corinne Fortier, CNRS\/Laboratoire d\u2019Anthropologie Sociale du Coll\u00e8ge de France.&nbsp;<\/p>\n\n\n\n<p><a href=\"https:\/\/web.archive.org\/web\/20240910072722\/https:\/formations.pantheonsorbonne.fr\/fr\/catalogue-des-formations\/master-M\/master-esthetique-KBTIBSGH\/master-parcours-theorie-des-arts-et-de-la-culture-KBTIBSMB\/ue1-enseignements-generiques-KBTIC3H9\/interface-KBTIC4E8.html\" target=\"_blank\" rel=\"noreferrer noopener\"><strong>\u201eInterface\u201c Seminar:<\/strong><\/a><strong>&nbsp;<\/strong><em>Border Wall Aesthetics<\/em><strong>&nbsp;for students of Master 2 Institut Acte \u2013 Universit\u00e9 Paris 1 at Panth\u00e9on-Sorbonne,&nbsp;France<\/strong>, on March 10, 2021. Convener: Yann Toma, professor at the University of Paris I, Panth\u00e9on Sorbonne, Jacinto Lageira, professor at the University of Paris I, Panth\u00e9on Sorbonne.<\/p>\n\n\n\n<p><strong>Arts Cultural Management Conference for Students + Emerging professionals, about&nbsp;<\/strong><a href=\"https:\/\/web.archive.org\/web\/20240910072722\/https:\/www.youtube.com\/watch?v=wf_4dgydUGU\" target=\"_blank\" rel=\"noreferrer noopener\"><em>REvisiting Borders<\/em><\/a><strong>,<\/strong>&nbsp;on January 28 \u2013 30, 2021. By the&nbsp;<strong>European Network on cultural management and policy<\/strong>; Network of European Museum Organisations, Brussels, Belgium.<\/p>\n\n\n\n<p><strong>Presentation and debate for the publication of&nbsp;<\/strong><a href=\"https:\/\/web.archive.org\/web\/20240910072722\/http:\/www.lacolonie.paris\/archives\/2019\/novembre\/border-wall-aesthetics-uvres-dart-dans-les-espaces-frontaliers-evenement-autour-du-livre-de-elisa-ganivet\/\" target=\"_blank\" rel=\"noreferrer noopener\"><em>Border Wall Aesthetics<\/em><\/a><strong>&nbsp;at La Colonie, Paris,<\/strong>&nbsp;France, on November 9, 2019. With Melissa Chemam, journalist and Marco Godinho, visual artist.<\/p>\n\n\n\n<p><strong>Radio broadcast on France Culture for \u201cLe cours de l\u2019Histoire\u201d by Xavier Mauduit<\/strong>&nbsp;(1st program launch)&nbsp;<a href=\"https:\/\/web.archive.org\/web\/20240910072722\/https:\/www.radiofrance.fr\/franceculture\/podcasts\/le-cours-de-l-histoire\/un-mur-trois-revolutions-comment-les-evenements-de-1989-ont-ils-change-la-facon-d-ecrire-l-histoire-3783020\" target=\"_blank\" rel=\"noreferrer noopener\"><strong><em>1989, The end of certainties,<\/em><\/strong><\/a><em>&nbsp;on&nbsp;<\/em>August 26, 2019. Episode 1: One wall, three revolutions, how did the events of 1989 change the way we write history? With Alexander Adler, journalist, Emilia Robin, art historian.&nbsp;<\/p>\n\n\n\n<p><strong>Interview filmed for the exhibition&nbsp;<\/strong><a href=\"https:\/\/web.archive.org\/web\/20240910072722\/https:\/www.institutfrancais.de\/fr\/berlin\/event\/exposition-frontiere-histoire-dune-transformation-11448\" target=\"_blank\" rel=\"noreferrer noopener\"><em>Border: history of a transformation<\/em><\/a><strong>&nbsp;at the Institut Fran\u00e7ais, Berlin, Germany<\/strong>, spring \u2013 summer 2019. By the Atelier Limo with Philippe Rekacewicz, geographer, cartographer.<\/p>\n\n\n\n<p><strong>Conference on the&nbsp;<\/strong><a href=\"https:\/\/web.archive.org\/web\/20240910072722\/https:\/imera.univ-amu.fr\/en\/agenda\/cycle-recherche-arts-pratiques-numeriques-25\" target=\"_blank\" rel=\"noreferrer noopener\"><em>Aesthetics of the wall #25<\/em><em>&nbsp;<\/em><\/a><strong>Research, arts and digital practices, at LESA, IM\u00e9RA Marseille,<\/strong>&nbsp;France, May 5, 2019. With Catherine Melin, visual artist; Barbara Satre, art historian<\/p>\n\n\n\n<p><strong>Radio broadcast on France Inter for \u201cLe Nouveau Rendez-Vous\u201d by Laurent Goumarre,&nbsp;<\/strong><a href=\"https:\/\/web.archive.org\/web\/20240910072722\/https:\/www.radiofrance.fr\/franceinter\/podcasts\/le-nouveau-rendez-vous\/haut-les-murs-4379799\" target=\"_blank\" rel=\"noreferrer noopener\"><em>Haut les murs !<\/em><\/a><em>&nbsp;<\/em>&nbsp;on&nbsp;February 12, 2018. With Zyad Limam, Editor-in-Chief of Afrique magazine, Fran\u00e7ois Bernard Huyghe, political scientist, Sophie Hiet, screenwriter.<\/p>\n","protected":false},"excerpt":{"rendered":"<p>SELECTION Podcast :\u00a0L\u2019atelier de l\u2019Europe \u2018Art tears down walls \u2013 Berlin Wall\u2019\u00a0for the Council of Europe, 2024.\u00a0Discovering the Council of Europe\u2019s art collection. This podcast explores the art collection of the Council of Europe, tracing its history and significance in shaping European values of human rights, democracy, and the rule of law. The collection includes [&hellip;]<\/p>\n","protected":false},"author":1,"featured_media":0,"parent":0,"menu_order":0,"comment_status":"closed","ping_status":"closed","template":"","meta":{"footnotes":""},"class_list":["post-46","page","type-page","status-publish","hentry","missing-thumbnail"],"_links":{"self":[{"href":"https:\/\/www.elisaganivet.com\/index.php\/wp-json\/wp\/v2\/pages\/46","targetHints":{"allow":["GET"]}}],"collection":[{"href":"https:\/\/www.elisaganivet.com\/index.php\/wp-json\/wp\/v2\/pages"}],"about":[{"href":"https:\/\/www.elisaganivet.com\/index.php\/wp-json\/wp\/v2\/types\/page"}],"author":[{"embeddable":true,"href":"https:\/\/www.elisaganivet.com\/index.php\/wp-json\/wp\/v2\/users\/1"}],"replies":[{"embeddable":true,"href":"https:\/\/www.elisaganivet.com\/index.php\/wp-json\/wp\/v2\/comments?post=46"}],"version-history":[{"count":4,"href":"https:\/\/www.elisaganivet.com\/index.php\/wp-json\/wp\/v2\/pages\/46\/revisions"}],"predecessor-version":[{"id":125,"href":"https:\/\/www.elisaganivet.com\/index.php\/wp-json\/wp\/v2\/pages\/46\/revisions\/125"}],"wp:attachment":[{"href":"https:\/\/www.elisaganivet.com\/index.php\/wp-json\/wp\/v2\/media?parent=46"}],"curies":[{"name":"wp","href":"https:\/\/api.w.org\/{rel}","templated":true}]}}